{"id":456,"date":"2026-04-08T12:17:19","date_gmt":"2026-04-08T12:17:19","guid":{"rendered":"https:\/\/rumeysahakyemezapuhan.com.tr\/?page_id=456"},"modified":"2026-04-08T13:10:14","modified_gmt":"2026-04-08T13:10:14","slug":"456-2","status":"publish","type":"page","link":"https:\/\/rumeysahakyemezapuhan.com.tr\/","title":{"rendered":""},"content":{"rendered":"\n\t\t\t<div class=\"wp-block-uagb-post-carousel uagb-post-grid  uagb-post__image-position-background uagb-post__image-enabled uagb-block-c32d29c2     uagb-post__arrow-outside uagb-slick-carousel uagb-post__items uagb-post__columns-1 is-carousel uagb-post__columns-tablet-2 uagb-post__columns-mobile-1\" data-total=\"1\" style=\"\">\n\n\t\t\t\t\t\t\t\t\t\t\t\t<article class=\"uagb-post__inner-wrap\">\t\t\t\t\t\t\t\t<h2 class=\"uagb-post__title uagb-post__text\">\n\t\t\t\t<a href=\"https:\/\/rumeysahakyemezapuhan.com.tr\/index.php\/2025\/06\/01\/internal-dynamics-of-palestine-boycott-as-an-actor-on-neoliberal-marketplace\/\" target=\"_self\" rel=\"bookmark noopener noreferrer\">Internal Dynamics of Palestine Boycott as an Actor on Liberal Marketplace<\/a>\n\t\t\t<\/h2>\n\t\t\t\t\t\t<div class='uagb-post__text uagb-post-grid-byline'>\n\t\t\t\t\t\t\t\t<span class=\"uagb-post__author\">\n\t\t\t\t\t\t\t\t\t<a href=\"https:\/\/rumeysahakyemezapuhan.com.tr\/index.php\/author\/rumeysa\/\" title=\"rumeysa taraf\u0131ndan yaz\u0131lan yaz\u0131lar\" rel=\"author\">rumeysa<\/a>\t\t\t\t<\/span>\n\t\t\t\t\t\t\t<time datetime=\"2025-06-01T18:14:06+00:00\" class=\"uagb-post__date\">\n\t\t\t\t\t\t\t\t\tHaziran 1, 2025\t\t\t\t<\/time>\n\t\t\t\t\t\t<\/div>\n\t\t\t\t\t\t\t<div class='uagb-post__text uagb-post__excerpt'>\n\t\t\t\t\tThis paper will focus on the internal dynamics of the Palestine Boycott&#8230;\t\t\t\t<\/div>\n\t\t\t\t\t\t<div class=\"uagb-post__text uagb-post__cta wp-block-button\">\n\t\t\t\t<a class=\"wp-block-button__link uagb-text-link\" style=\"\" href=\"https:\/\/rumeysahakyemezapuhan.com.tr\/index.php\/2025\/06\/01\/internal-dynamics-of-palestine-boycott-as-an-actor-on-neoliberal-marketplace\/\" target=\"_self\" rel=\"bookmark noopener noreferrer\">Read More<\/a>\n\t\t\t<\/div>\n\t\t\t\t\t\t<div class='uagb-post__image'>\n\t\t\t\t\t\t\t\t\t<a href=\"https:\/\/rumeysahakyemezapuhan.com.tr\/index.php\/2025\/06\/01\/internal-dynamics-of-palestine-boycott-as-an-actor-on-neoliberal-marketplace\/\" target=\"_self\" rel=\"bookmark noopener noreferrer\"><img loading=\"lazy\" decoding=\"async\" width=\"715\" height=\"429\" src=\"https:\/\/rumeysahakyemezapuhan.com.tr\/wp-content\/uploads\/2025\/07\/image0.jpeg\" class=\"attachment-large size-large\" alt=\"Boycott of Starbucks- Photograph: Michael Bryant\/AP\" srcset=\"https:\/\/rumeysahakyemezapuhan.com.tr\/wp-content\/uploads\/2025\/07\/image0.jpeg 715w, https:\/\/rumeysahakyemezapuhan.com.tr\/wp-content\/uploads\/2025\/07\/image0-300x180.jpeg 300w\" sizes=\"auto, (max-width: 715px) 100vw, 715px\" \/>\t\t\t\t\t<\/a>\n\t\t\t\t\t\t\t\t\t<\/div>\n\t\t\t\n\t\t\t\t\t\t\t\t<a class=\"uagb-post__link-complete-box\" href=\"https:\/\/rumeysahakyemezapuhan.com.tr\/index.php\/2025\/06\/01\/internal-dynamics-of-palestine-boycott-as-an-actor-on-neoliberal-marketplace\/\" target=\"_self\" rel=\"bookmark noopener noreferrer\"><\/a>\n\t\t\t\t\t\t\t<\/article>\n\t\t\t\t\t\t\t\t\t\t\t\t\t\t\t\t<article class=\"uagb-post__inner-wrap\">\t\t\t\t\t\t\t\t<h2 class=\"uagb-post__title uagb-post__text\">\n\t\t\t\t<a href=\"https:\/\/rumeysahakyemezapuhan.com.tr\/index.php\/2025\/06\/30\/mantikut-tayr-ve-husn-u-ask-eserlerinde-kutub-kavrami\/\" target=\"_self\" rel=\"bookmark noopener noreferrer\">Mant\u0131ku&#8217;t Tayr ve H\u00fcsn \u00fc A\u015fk Eserlerinde Kutub Karakterizasyonu<\/a>\n\t\t\t<\/h2>\n\t\t\t\t\t\t<div class='uagb-post__text uagb-post-grid-byline'>\n\t\t\t\t\t\t\t\t<span class=\"uagb-post__author\">\n\t\t\t\t\t\t\t\t\t<a href=\"https:\/\/rumeysahakyemezapuhan.com.tr\/index.php\/author\/rumeysa\/\" title=\"rumeysa taraf\u0131ndan yaz\u0131lan yaz\u0131lar\" rel=\"author\">rumeysa<\/a>\t\t\t\t<\/span>\n\t\t\t\t\t\t\t<time datetime=\"2025-06-30T13:49:15+00:00\" class=\"uagb-post__date\">\n\t\t\t\t\t\t\t\t\tHaziran 30, 2025\t\t\t\t<\/time>\n\t\t\t\t\t\t<\/div>\n\t\t\t\t\t\t\t<div class='uagb-post__text uagb-post__excerpt'>\n\t\t\t\t\tBu \u00e7al\u0131\u015fma, \u015eeyh Galib\u2019in H\u00fcsn \u00fc A\u015fk\u0131 ile Attar\u2019\u0131n Mant\u0131ku\u2019t-Tayr\u0131n\u0131\u00a0 \u0130bn Arabi\u2019nin&#8230;\t\t\t\t<\/div>\n\t\t\t\t\t\t<div class=\"uagb-post__text uagb-post__cta wp-block-button\">\n\t\t\t\t<a class=\"wp-block-button__link uagb-text-link\" style=\"\" href=\"https:\/\/rumeysahakyemezapuhan.com.tr\/index.php\/2025\/06\/30\/mantikut-tayr-ve-husn-u-ask-eserlerinde-kutub-kavrami\/\" target=\"_self\" rel=\"bookmark noopener noreferrer\">Read More<\/a>\n\t\t\t<\/div>\n\t\t\t\t\t\t<div class='uagb-post__image'>\n\t\t\t\t\t\t\t\t\t<a href=\"https:\/\/rumeysahakyemezapuhan.com.tr\/index.php\/2025\/06\/30\/mantikut-tayr-ve-husn-u-ask-eserlerinde-kutub-kavrami\/\" target=\"_self\" rel=\"bookmark noopener noreferrer\"><img loading=\"lazy\" decoding=\"async\" width=\"550\" height=\"396\" src=\"https:\/\/rumeysahakyemezapuhan.com.tr\/wp-content\/uploads\/2025\/04\/two-pheasants-1620-e1775748139619.jpg\" class=\"attachment-large size-large\" alt=\"\" \/>\t\t\t\t\t<\/a>\n\t\t\t\t\t\t\t\t\t<\/div>\n\t\t\t\n\t\t\t\t\t\t\t\t<a class=\"uagb-post__link-complete-box\" href=\"https:\/\/rumeysahakyemezapuhan.com.tr\/index.php\/2025\/06\/30\/mantikut-tayr-ve-husn-u-ask-eserlerinde-kutub-kavrami\/\" target=\"_self\" rel=\"bookmark noopener noreferrer\"><\/a>\n\t\t\t\t\t\t\t<\/article>\n\t\t\t\t\t\t\t\t\t\t\t\t\t\t\t\t<article class=\"uagb-post__inner-wrap\">\t\t\t\t\t\t\t\t<h2 class=\"uagb-post__title uagb-post__text\">\n\t\t\t\t<a href=\"https:\/\/rumeysahakyemezapuhan.com.tr\/index.php\/2024\/01\/16\/soykirim-sucunu-anlamak-bireysel-ve-toplumsal-nedenler\/\" target=\"_self\" rel=\"bookmark noopener noreferrer\">Soyk\u0131r\u0131m Su\u00e7unu Anlamak: Bireysel ve Toplumsal Nedenler<\/a>\n\t\t\t<\/h2>\n\t\t\t\t\t\t<div class='uagb-post__text uagb-post-grid-byline'>\n\t\t\t\t\t\t\t\t<span class=\"uagb-post__author\">\n\t\t\t\t\t\t\t\t\t<a href=\"https:\/\/rumeysahakyemezapuhan.com.tr\/index.php\/author\/rumeysa\/\" title=\"rumeysa taraf\u0131ndan yaz\u0131lan yaz\u0131lar\" rel=\"author\">rumeysa<\/a>\t\t\t\t<\/span>\n\t\t\t\t\t\t\t<time datetime=\"2024-01-16T10:37:25+00:00\" class=\"uagb-post__date\">\n\t\t\t\t\t\t\t\t\tOcak 16, 2024\t\t\t\t<\/time>\n\t\t\t\t\t\t<\/div>\n\t\t\t\t\t\t\t<div class='uagb-post__text uagb-post__excerpt'>\n\t\t\t\t\tBu \u00e7al\u0131\u015fma, s\u0131radan bir insan\u0131 fail konumuna iten temel psikolojik nedenlere odaklanmakta,&#8230;\t\t\t\t<\/div>\n\t\t\t\t\t\t<div class=\"uagb-post__text uagb-post__cta wp-block-button\">\n\t\t\t\t<a class=\"wp-block-button__link uagb-text-link\" style=\"\" href=\"https:\/\/rumeysahakyemezapuhan.com.tr\/index.php\/2024\/01\/16\/soykirim-sucunu-anlamak-bireysel-ve-toplumsal-nedenler\/\" target=\"_self\" rel=\"bookmark noopener noreferrer\">Read More<\/a>\n\t\t\t<\/div>\n\t\t\t\t\t\t<div class='uagb-post__image'>\n\t\t\t\t\t\t\t\t\t<a href=\"https:\/\/rumeysahakyemezapuhan.com.tr\/index.php\/2024\/01\/16\/soykirim-sucunu-anlamak-bireysel-ve-toplumsal-nedenler\/\" target=\"_self\" rel=\"bookmark noopener noreferrer\"><img loading=\"lazy\" decoding=\"async\" width=\"740\" height=\"414\" src=\"https:\/\/rumeysahakyemezapuhan.com.tr\/wp-content\/uploads\/2024\/01\/IMG_8330.jpg\" class=\"attachment-large size-large\" alt=\"\" srcset=\"https:\/\/rumeysahakyemezapuhan.com.tr\/wp-content\/uploads\/2024\/01\/IMG_8330.jpg 740w, https:\/\/rumeysahakyemezapuhan.com.tr\/wp-content\/uploads\/2024\/01\/IMG_8330-300x168.jpg 300w\" sizes=\"auto, (max-width: 740px) 100vw, 740px\" \/>\t\t\t\t\t<\/a>\n\t\t\t\t\t\t\t\t\t<\/div>\n\t\t\t\n\t\t\t\t\t\t\t\t<a class=\"uagb-post__link-complete-box\" href=\"https:\/\/rumeysahakyemezapuhan.com.tr\/index.php\/2024\/01\/16\/soykirim-sucunu-anlamak-bireysel-ve-toplumsal-nedenler\/\" target=\"_self\" rel=\"bookmark noopener noreferrer\"><\/a>\n\t\t\t\t\t\t\t<\/article>\n\t\t\t\t\t\t\t\t\t\t\t\t\t\t\t\t<article class=\"uagb-post__inner-wrap\">\t\t\t\t\t\t\t\t<h2 class=\"uagb-post__title uagb-post__text\">\n\t\t\t\t<a href=\"https:\/\/rumeysahakyemezapuhan.com.tr\/index.php\/2025\/08\/07\/hat-sanatinin-tecrubiligi\/\" target=\"_self\" rel=\"bookmark noopener noreferrer\">Hat Sanat\u0131n\u0131n Tecr\u00fcbili\u011fi<\/a>\n\t\t\t<\/h2>\n\t\t\t\t\t\t<div class='uagb-post__text uagb-post-grid-byline'>\n\t\t\t\t\t\t\t\t<span class=\"uagb-post__author\">\n\t\t\t\t\t\t\t\t\t<a href=\"https:\/\/rumeysahakyemezapuhan.com.tr\/index.php\/author\/rumeysa\/\" title=\"rumeysa taraf\u0131ndan yaz\u0131lan yaz\u0131lar\" rel=\"author\">rumeysa<\/a>\t\t\t\t<\/span>\n\t\t\t\t\t\t\t<time datetime=\"2025-08-07T14:34:59+00:00\" class=\"uagb-post__date\">\n\t\t\t\t\t\t\t\t\tA\u011fustos 7, 2025\t\t\t\t<\/time>\n\t\t\t\t\t\t<\/div>\n\t\t\t\t\t\t\t<div class='uagb-post__text uagb-post__excerpt'>\n\t\t\t\t\tDeneyim, sanat eseriyle ba\u015flar, i\u00e7sel bir yolculukla devam eder ve sanat eseriyle&#8230;\t\t\t\t<\/div>\n\t\t\t\t\t\t<div class=\"uagb-post__text uagb-post__cta wp-block-button\">\n\t\t\t\t<a class=\"wp-block-button__link uagb-text-link\" style=\"\" href=\"https:\/\/rumeysahakyemezapuhan.com.tr\/index.php\/2025\/08\/07\/hat-sanatinin-tecrubiligi\/\" target=\"_self\" rel=\"bookmark noopener noreferrer\">Read More<\/a>\n\t\t\t<\/div>\n\t\t\t\t\t\t<div class='uagb-post__image'>\n\t\t\t\t\t\t\t\t\t<a href=\"https:\/\/rumeysahakyemezapuhan.com.tr\/index.php\/2025\/08\/07\/hat-sanatinin-tecrubiligi\/\" target=\"_self\" rel=\"bookmark noopener noreferrer\"><img loading=\"lazy\" decoding=\"async\" width=\"736\" height=\"354\" src=\"https:\/\/rumeysahakyemezapuhan.com.tr\/wp-content\/uploads\/2026\/04\/\u0627\u0633\u0644\u0627\u0645\u06cc-\u062e\u0637\u0627\u0637\u06cc-\u06a9\u06d2-\u0646\u0642\u0648\u0634.jpg\" class=\"attachment-large size-large\" alt=\"\" srcset=\"https:\/\/rumeysahakyemezapuhan.com.tr\/wp-content\/uploads\/2026\/04\/\u0627\u0633\u0644\u0627\u0645\u06cc-\u062e\u0637\u0627\u0637\u06cc-\u06a9\u06d2-\u0646\u0642\u0648\u0634.jpg 736w, https:\/\/rumeysahakyemezapuhan.com.tr\/wp-content\/uploads\/2026\/04\/\u0627\u0633\u0644\u0627\u0645\u06cc-\u062e\u0637\u0627\u0637\u06cc-\u06a9\u06d2-\u0646\u0642\u0648\u0634-300x144.jpg 300w\" sizes=\"auto, (max-width: 736px) 100vw, 736px\" \/>\t\t\t\t\t<\/a>\n\t\t\t\t\t\t\t\t\t<\/div>\n\t\t\t\n\t\t\t\t\t\t\t\t<a class=\"uagb-post__link-complete-box\" href=\"https:\/\/rumeysahakyemezapuhan.com.tr\/index.php\/2025\/08\/07\/hat-sanatinin-tecrubiligi\/\" target=\"_self\" rel=\"bookmark noopener noreferrer\"><\/a>\n\t\t\t\t\t\t\t<\/article>\n\t\t\t\t\t\t\t\t\t\t\t\t\t\t\t\t<article class=\"uagb-post__inner-wrap\">\t\t\t\t\t\t\t\t<h2 class=\"uagb-post__title uagb-post__text\">\n\t\t\t\t<a href=\"https:\/\/rumeysahakyemezapuhan.com.tr\/index.php\/2025\/04\/01\/sevanihul-ussakta-cem-kavrami-ve-zitliklarin-birligi\/\" target=\"_self\" rel=\"bookmark noopener noreferrer\">Sevanih\u00fc\u2019l-U\u015f\u015f\u00e2k\u2019ta Cem\u2019 Kavram\u0131 ve Z\u0131tl\u0131klar\u0131n Birli\u011fi<\/a>\n\t\t\t<\/h2>\n\t\t\t\t\t\t<div class='uagb-post__text uagb-post-grid-byline'>\n\t\t\t\t\t\t\t\t<span class=\"uagb-post__author\">\n\t\t\t\t\t\t\t\t\t<a href=\"https:\/\/rumeysahakyemezapuhan.com.tr\/index.php\/author\/rumeysa\/\" title=\"rumeysa taraf\u0131ndan yaz\u0131lan yaz\u0131lar\" rel=\"author\">rumeysa<\/a>\t\t\t\t<\/span>\n\t\t\t\t\t\t\t<time datetime=\"2025-04-01T18:25:39+00:00\" class=\"uagb-post__date\">\n\t\t\t\t\t\t\t\t\tNisan 1, 2025\t\t\t\t<\/time>\n\t\t\t\t\t\t<\/div>\n\t\t\t\t\t\t\t<div class='uagb-post__text uagb-post__excerpt'>\n\t\t\t\t\tAhmed Gazali\u2019ye g\u00f6re hakikat, kavramsal bilgilerin \u00f6tesinde; z\u0131tl\u0131klar\u0131n birli\u011fini tecr\u00fcbe etmek ve&#8230;\t\t\t\t<\/div>\n\t\t\t\t\t\t<div class=\"uagb-post__text uagb-post__cta wp-block-button\">\n\t\t\t\t<a class=\"wp-block-button__link uagb-text-link\" style=\"\" href=\"https:\/\/rumeysahakyemezapuhan.com.tr\/index.php\/2025\/04\/01\/sevanihul-ussakta-cem-kavrami-ve-zitliklarin-birligi\/\" target=\"_self\" rel=\"bookmark noopener noreferrer\">Read More<\/a>\n\t\t\t<\/div>\n\t\t\t\t\t\t<div class='uagb-post__image'>\n\t\t\t\t\t\t\t\t\t<a href=\"https:\/\/rumeysahakyemezapuhan.com.tr\/index.php\/2025\/04\/01\/sevanihul-ussakta-cem-kavrami-ve-zitliklarin-birligi\/\" target=\"_self\" rel=\"bookmark noopener noreferrer\"><img loading=\"lazy\" decoding=\"async\" width=\"736\" height=\"327\" src=\"https:\/\/rumeysahakyemezapuhan.com.tr\/wp-content\/uploads\/2026\/04\/13.jpg\" class=\"attachment-large size-large\" alt=\"\" srcset=\"https:\/\/rumeysahakyemezapuhan.com.tr\/wp-content\/uploads\/2026\/04\/13.jpg 736w, https:\/\/rumeysahakyemezapuhan.com.tr\/wp-content\/uploads\/2026\/04\/13-300x133.jpg 300w\" sizes=\"auto, (max-width: 736px) 100vw, 736px\" \/>\t\t\t\t\t<\/a>\n\t\t\t\t\t\t\t\t\t<\/div>\n\t\t\t\n\t\t\t\t\t\t\t\t<a class=\"uagb-post__link-complete-box\" href=\"https:\/\/rumeysahakyemezapuhan.com.tr\/index.php\/2025\/04\/01\/sevanihul-ussakta-cem-kavrami-ve-zitliklarin-birligi\/\" target=\"_self\" rel=\"bookmark noopener noreferrer\"><\/a>\n\t\t\t\t\t\t\t<\/article>\n\t\t\t\t\t\t\t\t\t\t\t\t\t\t\t\t<article class=\"uagb-post__inner-wrap\">\t\t\t\t\t\t\t\t<h2 class=\"uagb-post__title uagb-post__text\">\n\t\t\t\t<a href=\"https:\/\/rumeysahakyemezapuhan.com.tr\/index.php\/2025\/06\/01\/yunus-emrede-benlik-ve-devir-nazariyesi\/\" target=\"_self\" rel=\"bookmark noopener noreferrer\">Yunus Emre&#8217;de Benlik ve Devir Nazariyesi<\/a>\n\t\t\t<\/h2>\n\t\t\t\t\t\t<div class='uagb-post__text uagb-post-grid-byline'>\n\t\t\t\t\t\t\t\t<span class=\"uagb-post__author\">\n\t\t\t\t\t\t\t\t\t<a href=\"https:\/\/rumeysahakyemezapuhan.com.tr\/index.php\/author\/rumeysa\/\" title=\"rumeysa taraf\u0131ndan yaz\u0131lan yaz\u0131lar\" rel=\"author\">rumeysa<\/a>\t\t\t\t<\/span>\n\t\t\t\t\t\t\t<time datetime=\"2025-06-01T07:11:58+00:00\" class=\"uagb-post__date\">\n\t\t\t\t\t\t\t\t\tHaziran 1, 2025\t\t\t\t<\/time>\n\t\t\t\t\t\t<\/div>\n\t\t\t\t\t\t\t<div class='uagb-post__text uagb-post__excerpt'>\n\t\t\t\t\tYunus Emre\u2019nin \u015fiirlerinde \u201cben\u201d anlat\u0131s\u0131, ruhun ilahi kaynaktan \u00e7\u0131k\u0131p tekrar ona d\u00f6nd\u00fc\u011f\u00fc&#8230;\t\t\t\t<\/div>\n\t\t\t\t\t\t<div class=\"uagb-post__text uagb-post__cta wp-block-button\">\n\t\t\t\t<a class=\"wp-block-button__link uagb-text-link\" style=\"\" href=\"https:\/\/rumeysahakyemezapuhan.com.tr\/index.php\/2025\/06\/01\/yunus-emrede-benlik-ve-devir-nazariyesi\/\" target=\"_self\" rel=\"bookmark noopener noreferrer\">Read More<\/a>\n\t\t\t<\/div>\n\t\t\t\t\t\t<div class='uagb-post__image'>\n\t\t\t\t\t\t\t\t\t<a href=\"https:\/\/rumeysahakyemezapuhan.com.tr\/index.php\/2025\/06\/01\/yunus-emrede-benlik-ve-devir-nazariyesi\/\" target=\"_self\" rel=\"bookmark noopener noreferrer\"><img loading=\"lazy\" decoding=\"async\" width=\"734\" height=\"481\" src=\"https:\/\/rumeysahakyemezapuhan.com.tr\/wp-content\/uploads\/2025\/07\/4.jpg\" class=\"attachment-large size-large\" alt=\"\" srcset=\"https:\/\/rumeysahakyemezapuhan.com.tr\/wp-content\/uploads\/2025\/07\/4.jpg 734w, https:\/\/rumeysahakyemezapuhan.com.tr\/wp-content\/uploads\/2025\/07\/4-300x197.jpg 300w\" sizes=\"auto, (max-width: 734px) 100vw, 734px\" \/>\t\t\t\t\t<\/a>\n\t\t\t\t\t\t\t\t\t<\/div>\n\t\t\t\n\t\t\t\t\t\t\t\t<a class=\"uagb-post__link-complete-box\" href=\"https:\/\/rumeysahakyemezapuhan.com.tr\/index.php\/2025\/06\/01\/yunus-emrede-benlik-ve-devir-nazariyesi\/\" target=\"_self\" rel=\"bookmark noopener noreferrer\"><\/a>\n\t\t\t\t\t\t\t<\/article>\n\t\t\t\t\t\t\t\t\t\t\t<\/div>\n\t\t\t\n\n\n<div class=\"wp-block-uagb-buttons uagb-buttons__outer-wrap uagb-btn__default-btn uagb-btn-tablet__default-btn uagb-btn-mobile__default-btn uagb-block-cb62cdf4\"><div class=\"uagb-buttons__wrap uagb-buttons-layout-wrap \"><\/div><\/div>\n\n\n\n<div class=\"wp-block-uagb-team uagb-team__image-position-above uagb-team__align-center uagb-team__stack-tablet uagb-block-0bbea081\"><div class=\"uagb-team__content\"><h3 class=\"uagb-team__title\">Rumeysa Hakyemez Apuhan<\/h3><span class=\"uagb-team__prefix\">Olu\u015fturucu<\/span><p class=\"uagb-team__desc\">Bu sitenin tasar\u0131m\u0131 ve i\u00e7erikleri tamamen kendi \u00e7abamla olu\u015fturdu\u011fum bireysel insiyatiflerdir. Sitem geli\u015ftirme a\u015famas\u0131ndad\u0131r. \u0130lginiz i\u00e7in te\u015fekk\u00fcrler!<\/p><ul class=\"uagb-team__social-list\"><li class=\"uagb-team__social-icon\"><a href=\"#\" aria-label=\"twitter\" target=\"_self\" title=\"\" rel=\"noopener noreferrer\"><svg xmlns=\"https:\/\/www.w3.org\/2000\/svg\" viewBox=\"0 0 512 512\"><path d=\"M459.4 151.7c.325 4.548 .325 9.097 .325 13.65 0 138.7-105.6 298.6-298.6 298.6-59.45 0-114.7-17.22-161.1-47.11 8.447 .974 16.57 1.299 25.34 1.299 49.06 0 94.21-16.57 130.3-44.83-46.13-.975-84.79-31.19-98.11-72.77 6.498 .974 12.99 1.624 19.82 1.624 9.421 0 18.84-1.3 27.61-3.573-48.08-9.747-84.14-51.98-84.14-102.1v-1.299c13.97 7.797 30.21 12.67 47.43 13.32-28.26-18.84-46.78-51.01-46.78-87.39 0-19.49 5.197-37.36 14.29-52.95 51.65 63.67 129.3 105.3 216.4 109.8-1.624-7.797-2.599-15.92-2.599-24.04 0-57.83 46.78-104.9 104.9-104.9 30.21 0 57.5 12.67 76.67 33.14 23.72-4.548 46.46-13.32 66.6-25.34-7.798 24.37-24.37 44.83-46.13 57.83 21.12-2.273 41.58-8.122 60.43-16.24-14.29 20.79-32.16 39.31-52.63 54.25z\"><\/path><\/svg><\/a><\/li><li class=\"uagb-team__social-icon\"><a href=\"#\" aria-label=\"facebook\" target=\"_self\" title=\"\" rel=\"noopener noreferrer\"><svg xmlns=\"https:\/\/www.w3.org\/2000\/svg\" viewBox=\"0 0 512 512\"><path d=\"M504 256C504 119 393 8 256 8S8 119 8 256c0 123.8 90.69 226.4 209.3 245V327.7h-63V256h63v-54.64c0-62.15 37-96.48 93.67-96.48 27.14 0 55.52 4.84 55.52 4.84v61h-31.28c-30.8 0-40.41 19.12-40.41 38.73V256h68.78l-11 71.69h-57.78V501C413.3 482.4 504 379.8 504 256z\"><\/path><\/svg><\/a><\/li><li class=\"uagb-team__social-icon\"><a href=\"#\" aria-label=\"linkedin\" target=\"_self\" title=\"\" rel=\"noopener noreferrer\"><svg xmlns=\"https:\/\/www.w3.org\/2000\/svg\" viewBox=\"0 0 448 512\"><path d=\"M416 32H31.9C14.3 32 0 46.5 0 64.3v383.4C0 465.5 14.3 480 31.9 480H416c17.6 0 32-14.5 32-32.3V64.3c0-17.8-14.4-32.3-32-32.3zM135.4 416H69V202.2h66.5V416zm-33.2-243c-21.3 0-38.5-17.3-38.5-38.5S80.9 96 102.2 96c21.2 0 38.5 17.3 38.5 38.5 0 21.3-17.2 38.5-38.5 38.5zm282.1 243h-66.4V312c0-24.8-.5-56.7-34.5-56.7-34.6 0-39.9 27-39.9 54.9V416h-66.4V202.2h63.7v29.2h.9c8.9-16.8 30.6-34.5 62.9-34.5 67.2 0 79.7 44.3 79.7 101.9V416z\"><\/path><\/svg><\/a><\/li><li class=\"uagb-team__social-icon\"><a href=\"#\" aria-label=\"pinterest\" target=\"_self\" title=\"\" rel=\"noopener noreferrer\"><svg xmlns=\"https:\/\/www.w3.org\/2000\/svg\" viewBox=\"0 0 496 512\"><path d=\"M496 256c0 137-111 248-248 248-25.6 0-50.2-3.9-73.4-11.1 10.1-16.5 25.2-43.5 30.8-65 3-11.6 15.4-59 15.4-59 8.1 15.4 31.7 28.5 56.8 28.5 74.8 0 128.7-68.8 128.7-154.3 0-81.9-66.9-143.2-152.9-143.2-107 0-163.9 71.8-163.9 150.1 0 36.4 19.4 81.7 50.3 96.1 4.7 2.2 7.2 1.2 8.3-3.3 .8-3.4 5-20.3 6.9-28.1 .6-2.5 .3-4.7-1.7-7.1-10.1-12.5-18.3-35.3-18.3-56.6 0-54.7 41.4-107.6 112-107.6 60.9 0 103.6 41.5 103.6 100.9 0 67.1-33.9 113.6-78 113.6-24.3 0-42.6-20.1-36.7-44.8 7-29.5 20.5-61.3 20.5-82.6 0-19-10.2-34.9-31.4-34.9-24.9 0-44.9 25.7-44.9 60.2 0 22 7.4 36.8 7.4 36.8s-24.5 103.8-29 123.2c-5 21.4-3 51.6-.9 71.2C65.4 450.9 0 361.1 0 256 0 119 111 8 248 8s248 111 248 248z\"><\/path><\/svg><\/a><\/li><\/ul><\/div><\/div>\n\n\n\n<div class=\"wp-block-columns is-layout-flex wp-container-core-columns-is-layout-9d6595d7 wp-block-columns-is-layout-flex\">\n<div class=\"wp-block-column is-layout-flow wp-block-column-is-layout-flow\"><\/div>\n\n\n\n<div class=\"wp-block-column is-layout-flow wp-block-column-is-layout-flow\"><\/div>\n<\/div>\n\n\n\n<p><\/p>\n","protected":false},"excerpt":{"rendered":"","protected":false},"author":1,"featured_media":0,"parent":0,"menu_order":0,"comment_status":"closed","ping_status":"closed","template":"","meta":{"_uag_custom_page_level_css":"","_monsterinsights_skip_tracking":false,"_monsterinsights_sitenote_active":false,"_monsterinsights_sitenote_note":"","_monsterinsights_sitenote_category":0,"footnotes":""},"class_list":["post-456","page","type-page","status-publish"],"uagb_featured_image_src":{"full":false,"thumbnail":false,"medium":false,"medium_large":false,"large":false,"1536x1536":false,"2048x2048":false},"uagb_author_info":{"display_name":"rumeysa","author_link":"https:\/\/rumeysahakyemezapuhan.com.tr\/index.php\/author\/rumeysa\/"},"uagb_comment_info":0,"uagb_excerpt":null,"_links":{"self":[{"href":"https:\/\/rumeysahakyemezapuhan.com.tr\/index.php\/wp-json\/wp\/v2\/pages\/456","targetHints":{"allow":["GET"]}}],"collection":[{"href":"https:\/\/rumeysahakyemezapuhan.com.tr\/index.php\/wp-json\/wp\/v2\/pages"}],"about":[{"href":"https:\/\/rumeysahakyemezapuhan.com.tr\/index.php\/wp-json\/wp\/v2\/types\/page"}],"author":[{"embeddable":true,"href":"https:\/\/rumeysahakyemezapuhan.com.tr\/index.php\/wp-json\/wp\/v2\/users\/1"}],"replies":[{"embeddable":true,"href":"https:\/\/rumeysahakyemezapuhan.com.tr\/index.php\/wp-json\/wp\/v2\/comments?post=456"}],"version-history":[{"count":15,"href":"https:\/\/rumeysahakyemezapuhan.com.tr\/index.php\/wp-json\/wp\/v2\/pages\/456\/revisions"}],"predecessor-version":[{"id":483,"href":"https:\/\/rumeysahakyemezapuhan.com.tr\/index.php\/wp-json\/wp\/v2\/pages\/456\/revisions\/483"}],"wp:attachment":[{"href":"https:\/\/rumeysahakyemezapuhan.com.tr\/index.php\/wp-json\/wp\/v2\/media?parent=456"}],"curies":[{"name":"wp","href":"https:\/\/api.w.org\/{rel}","templated":true}]}}