{"id":2,"date":"2025-06-18T14:51:54","date_gmt":"2025-06-18T14:51:54","guid":{"rendered":"https:\/\/rumeysahakyemezapuhan.com.tr\/?page_id=2"},"modified":"2026-01-29T08:14:15","modified_gmt":"2026-01-29T08:14:15","slug":"sample-page","status":"publish","type":"page","link":"https:\/\/rumeysahakyemezapuhan.com.tr\/index.php\/sample-page\/","title":{"rendered":"Hakk\u0131mda"},"content":{"rendered":"\n<p>Rumeysa Apuhan, Bo\u011fazi\u00e7i \u00dcniversitesi Psikoloji B\u00f6l\u00fcm\u00fc son s\u0131n\u0131f \u00f6\u011frencisidir. Akademik ilgileri ba\u015fta&nbsp;<strong>sosyal psikoloji<\/strong>&nbsp;ve&nbsp;<strong>bili\u015fsel psikoloji<\/strong>&nbsp;olmak \u00fczere,&nbsp;<strong>tasavvuf psikolojisi<\/strong>,&nbsp;<strong>ele\u015ftirel d\u00fc\u015f\u00fcnce<\/strong>&nbsp;ve&nbsp;<strong>disiplinleraras\u0131 yakla\u015f\u0131mlar<\/strong>&nbsp;etraf\u0131nda yo\u011funla\u015fmaktad\u0131r. K\u00fclt\u00fcr Ajanda Dergisi&#8217;nde ve farkl\u0131 dergilerde yazarl\u0131k yapm\u0131\u015f, \u015fiir ve deneme t\u00fcr\u00fcnde yaz\u0131lar kaleme alm\u0131\u015ft\u0131r. Yazd\u0131\u011f\u0131 makalelerle 2019 y\u0131l\u0131nda IGCSE birincilik \u00f6d\u00fcl\u00fc alm\u0131\u015ft\u0131r. G\u00f6rsel sanatlar ve m\u00fczikle yak\u0131ndan ilgilenmektedir. Bu web sitesi, psikoloji, sanat ve d\u00fc\u015f\u00fcnce ekseninde \u015fekillenen yaz\u0131lar\u0131n\u0131 serbest ve ba\u011f\u0131ms\u0131z bir bi\u00e7imde payla\u015fmak amac\u0131yla olu\u015fturulmu\u015f ki\u015fisel bir yay\u0131n alan\u0131d\u0131r.<\/p>\n\n\n\n<p><\/p>\n\n\n\n<div class=\"wp-block-uagb-separator uagb-block-4880ecd7\"><div class=\"wp-block-uagb-separator__inner\" style=\"--my-background-image:\"><\/div><\/div>\n\n\n\n<p><\/p>\n\n\n\n<h2 class=\"wp-block-heading\">\u0130leti\u015fim<\/h2>\n\n\n\n<div class=\"wp-block-uagb-forms uagb-forms__outer-wrap uagb-block-dbce4b91 uagb-forms__medium-btn\"><form class=\"uagb-forms-main-form\" method=\"post\" autocomplete=\"on\" name=\"uagb-form-dbce4b91\">\n<div class=\"wp-block-uagb-forms-name uagb-forms-name-wrap uagb-forms-field-set uagb-block-d9c6341d\"><div class=\"uagb-forms-name-label required uagb-forms-input-label\" id=\"d9c6341d\">Ad\u0131n\u0131z<\/div><input type=\"text\" placeholder=\"John\" required class=\"uagb-forms-name-input uagb-forms-input\" name=\"d9c6341d\" autocomplete=\"given-name\"\/><\/div>\n\n\n\n<div class=\"wp-block-uagb-forms-name uagb-forms-name-wrap uagb-forms-field-set uagb-block-92b23c04\"><div class=\"uagb-forms-name-label required uagb-forms-input-label\" id=\"92b23c04\">Soyad\u0131n\u0131z<\/div><input type=\"text\" placeholder=\"Doe\" required class=\"uagb-forms-name-input uagb-forms-input\" name=\"92b23c04\" autocomplete=\"family-name\"\/><\/div>\n\n\n\n<div class=\"wp-block-uagb-forms-email uagb-forms-email-wrap uagb-forms-field-set uagb-block-76c3ec9a\"><div class=\"uagb-forms-email-label  uagb-forms-input-label\" id=\"76c3ec9a\">Email<\/div><input type=\"email\" class=\"uagb-forms-email-input uagb-forms-input\" placeholder=\"example@mail.com\" name=\"76c3ec9a\" autocomplete=\"email\"\/><\/div>\n\n\n\n<div class=\"wp-block-uagb-forms-textarea uagb-forms-textarea-wrap uagb-forms-field-set uagb-block-880a9030\"><div class=\"uagb-forms-textarea-label required uagb-forms-input-label\" id=\"880a9030\">Mesaj<\/div><textarea required class=\"uagb-forms-textarea-input uagb-forms-input\" rows=\"4\" placeholder=\"Enter your message\" name=\"880a9030\" autocomplete=\"off\"><\/textarea><\/div>\n<div class=\"uagb-forms-form-hidden-data\"><input type=\"hidden\" class=\"uagb_forms_form_label\" value=\"Spectra Form\"\/><input type=\"hidden\" class=\"uagb_forms_form_id\" value=\"uagb-form-dbce4b91\"\/><\/div><div class=\"uagb-form-reacaptcha-error-dbce4b91\"><\/div><div class=\"uagb-forms-main-submit-button-wrap wp-block-button\"><button class=\"uagb-forms-main-submit-button wp-block-button__link\"><div class=\"uagb-forms-main-submit-button-text\">G\u00f6nder<\/div><\/button><\/div><\/form><div class=\"uagb-forms-success-message-dbce4b91 uagb-forms-submit-message-hide\"><span>The form has been submitted successfully!<\/span><\/div><div class=\"uagb-forms-failed-message-dbce4b91 uagb-forms-submit-message-hide\"><span>There has been some error while submitting the form. Please verify all form fields again.<\/span><\/div><\/div>\n\n\n\n<p><\/p>\n","protected":false},"excerpt":{"rendered":"<p>Rumeysa Apuhan, Bo\u011fazi\u00e7i \u00dcniversitesi Psikoloji B\u00f6l\u00fcm\u00fc son s\u0131n\u0131f \u00f6\u011frencisidir. Akademik ilgileri ba\u015fta&nbsp;sosyal psikoloji&nbsp;ve&nbsp;bili\u015fsel psikoloji&nbsp;olmak \u00fczere,&nbsp;tasavvuf psikolojisi,&nbsp;ele\u015ftirel d\u00fc\u015f\u00fcnce&nbsp;ve&nbsp;disiplinleraras\u0131 yakla\u015f\u0131mlar&nbsp;etraf\u0131nda yo\u011funla\u015fmaktad\u0131r. K\u00fclt\u00fcr Ajanda Dergisi&#8217;nde ve farkl\u0131 dergilerde yazarl\u0131k yapm\u0131\u015f, \u015fiir ve deneme t\u00fcr\u00fcnde yaz\u0131lar kaleme alm\u0131\u015ft\u0131r. Yazd\u0131\u011f\u0131 makalelerle 2019 y\u0131l\u0131nda IGCSE birincilik \u00f6d\u00fcl\u00fc alm\u0131\u015ft\u0131r. G\u00f6rsel sanatlar ve m\u00fczikle yak\u0131ndan ilgilenmektedir. Bu web sitesi, psikoloji, sanat ve d\u00fc\u015f\u00fcnce &#8230; <a title=\"Hakk\u0131mda\" class=\"read-more\" href=\"https:\/\/rumeysahakyemezapuhan.com.tr\/index.php\/sample-page\/\" aria-label=\"Read more about Hakk\u0131mda\">Devam\u0131n\u0131 oku<\/a><\/p>\n","protected":false},"author":1,"featured_media":0,"parent":0,"menu_order":0,"comment_status":"closed","ping_status":"open","template":"","meta":{"_uag_custom_page_level_css":"","_monsterinsights_skip_tracking":false,"_monsterinsights_sitenote_active":false,"_monsterinsights_sitenote_note":"","_monsterinsights_sitenote_category":0,"footnotes":""},"class_list":["post-2","page","type-page","status-publish"],"uagb_featured_image_src":{"full":false,"thumbnail":false,"medium":false,"medium_large":false,"large":false,"1536x1536":false,"2048x2048":false},"uagb_author_info":{"display_name":"rumeysa","author_link":"https:\/\/rumeysahakyemezapuhan.com.tr\/index.php\/author\/rumeysa\/"},"uagb_comment_info":0,"uagb_excerpt":"Rumeysa Apuhan, Bo\u011fazi\u00e7i \u00dcniversitesi Psikoloji B\u00f6l\u00fcm\u00fc son s\u0131n\u0131f \u00f6\u011frencisidir. Akademik ilgileri ba\u015fta&nbsp;sosyal psikoloji&nbsp;ve&nbsp;bili\u015fsel psikoloji&nbsp;olmak \u00fczere,&nbsp;tasavvuf psikolojisi,&nbsp;ele\u015ftirel d\u00fc\u015f\u00fcnce&nbsp;ve&nbsp;disiplinleraras\u0131 yakla\u015f\u0131mlar&nbsp;etraf\u0131nda yo\u011funla\u015fmaktad\u0131r. K\u00fclt\u00fcr Ajanda Dergisi&#8217;nde ve farkl\u0131 dergilerde yazarl\u0131k yapm\u0131\u015f, \u015fiir ve deneme t\u00fcr\u00fcnde yaz\u0131lar kaleme alm\u0131\u015ft\u0131r. Yazd\u0131\u011f\u0131 makalelerle 2019 y\u0131l\u0131nda IGCSE birincilik \u00f6d\u00fcl\u00fc alm\u0131\u015ft\u0131r. G\u00f6rsel sanatlar ve m\u00fczikle yak\u0131ndan ilgilenmektedir. Bu web sitesi, psikoloji, sanat ve d\u00fc\u015f\u00fcnce&hellip;","_links":{"self":[{"href":"https:\/\/rumeysahakyemezapuhan.com.tr\/index.php\/wp-json\/wp\/v2\/pages\/2","targetHints":{"allow":["GET"]}}],"collection":[{"href":"https:\/\/rumeysahakyemezapuhan.com.tr\/index.php\/wp-json\/wp\/v2\/pages"}],"about":[{"href":"https:\/\/rumeysahakyemezapuhan.com.tr\/index.php\/wp-json\/wp\/v2\/types\/page"}],"author":[{"embeddable":true,"href":"https:\/\/rumeysahakyemezapuhan.com.tr\/index.php\/wp-json\/wp\/v2\/users\/1"}],"replies":[{"embeddable":true,"href":"https:\/\/rumeysahakyemezapuhan.com.tr\/index.php\/wp-json\/wp\/v2\/comments?post=2"}],"version-history":[{"count":8,"href":"https:\/\/rumeysahakyemezapuhan.com.tr\/index.php\/wp-json\/wp\/v2\/pages\/2\/revisions"}],"predecessor-version":[{"id":376,"href":"https:\/\/rumeysahakyemezapuhan.com.tr\/index.php\/wp-json\/wp\/v2\/pages\/2\/revisions\/376"}],"wp:attachment":[{"href":"https:\/\/rumeysahakyemezapuhan.com.tr\/index.php\/wp-json\/wp\/v2\/media?parent=2"}],"curies":[{"name":"wp","href":"https:\/\/api.w.org\/{rel}","templated":true}]}}